{"id":3,"date":"2021-09-22T14:10:40","date_gmt":"2021-09-22T14:10:40","guid":{"rendered":"http:\/\/atac-pm.com\/?page_id=3"},"modified":"2023-10-06T13:20:23","modified_gmt":"2023-10-06T13:20:23","slug":"declaracion-de-accesibilidad","status":"publish","type":"page","link":"https:\/\/atac-pm.com\/es\/declaracion-de-accesibilidad\/","title":{"rendered":"Declaraci\u00f3 d&#8217;accessibilitat"},"content":{"rendered":"<div id=\"modal-ready\">\r\n<p><strong>Atac PM<\/strong> es compromet a fer que el vostre lloc web sigui accessible per a totes les persones, independentment de les seves capacitats o discapacitats. Ens esforcem per complir els est\u00e0ndards d&#8217;accessibilitat definits per les Pautes d&#8217;Accessibilitat al Contingut Web (WCAG) 2.1 del Consorci World Wide Web (W3C).<\/p>\r\n<p>El nostre objectiu \u00e9s complir els criteris d\u201faccessibilitat del nivell AA (doble A) de les WCAG 2.1. Hem realitzat millores i seguim treballant per garantir que el nostre lloc web compleixi aquests est\u00e0ndards.<\/p>\r\n<p>A continuaci\u00f3, s&#8217;enumeren algunes de les mesures que hem pres per millorar l&#8217;accessibilitat del nostre lloc web:<\/p>\r\n<p>Hem proporcionat alternatives textuals a les imatges i gr\u00e0fics que fem servir al lloc web.<br \/>Hem assegurat que el lloc web pugui ser navegat i utilitzat sense un ratol\u00ed, utilitzant nom\u00e9s un teclat.<br \/>Hem fet servir colors i contrastos apropiats per fer que el contingut sigui f\u00e0cil de llegir i distingir.<br \/>Hem assegurat que lestructura del lloc web sigui clara i f\u00e0cil dentendre.<br \/>Hem fet servir etiquetes apropiades per assegurar-nos que el contingut sigui accessible per a persones que utilitzen lectors de pantalla i altres assistents tecnol\u00f2gics.<br \/>Hem optimitzat la navegaci\u00f3 del lloc web perqu\u00e8 sigui f\u00e0cil d&#8217;entendre i utilitzar per a tots els usuaris.<br \/>Ens comprometem a continuar millorant l&#8217;accessibilitat del nostre lloc web ia fer les millores necess\u00e0ries per complir els est\u00e0ndards d&#8217;accessibilitat del nivell AA de les WCAG 2.1.<\/p>\r\n<p>Si teniu alguna pregunta o suggeriment sobre l&#8217;accessibilitat del nostre lloc web, no dubteu a posar-vos en contacte amb nosaltres. Podeu fer-ho a trav\u00e9s de la p\u00e0gina de contacte a https:\/\/www.atac-pm.com\/contacto o per correu electr\u00f2nic a info@atac-pm.com.<\/p>\r\n<p>Data de la declaraci\u00f3: 06 de juny de 2023.<\/p>\r\n<\/div>","protected":false},"excerpt":{"rendered":"<p>Atac PM es compromet a fer que el vostre lloc web sigui accessible per a totes les persones, independentment de les seves capacitats o discapacitats. Ens esforcem per complir els est\u00e0ndards d&#8217;accessibilitat definits per les Pautes d&#8217;Accessibilitat al Contingut Web (WCAG) 2.1 del Consorci World Wide Web (W3C). El nostre objectiu \u00e9s complir els criteris [&hellip;]<\/p>\n","protected":false},"author":1,"featured_media":0,"parent":0,"menu_order":0,"comment_status":"closed","ping_status":"closed","template":"","meta":{"_acf_changed":false,"_et_pb_use_builder":"","_et_pb_old_content":"","_et_gb_content_width":"","footnotes":""},"class_list":["post-3","page","type-page","status-publish","hentry"],"acf":[],"yoast_head":"<!-- This site is optimized with the Yoast SEO plugin v27.4 - https:\/\/yoast.com\/product\/yoast-seo-wordpress\/ -->\n<title>Declaraci\u00f3 d&#039;accessibilitat - Atac PM<\/title>\n<meta name=\"description\" content=\"Atac PM es compromet a fer que el vostre lloc web sigui accessible per a totes les persones, independentment de les seves capacitats o discapacitats. Ens\" \/>\n<meta name=\"robots\" content=\"index, follow, max-snippet:-1, max-image-preview:large, max-video-preview:-1\" \/>\n<link rel=\"canonical\" href=\"https:\/\/atac-pm.com\/es\/declaracion-de-accesibilidad\/\" \/>\n<meta property=\"og:locale\" content=\"es_ES\" \/>\n<meta property=\"og:type\" content=\"article\" \/>\n<meta property=\"og:title\" content=\"Declaraci\u00f3 d&#039;accessibilitat - Atac PM\" \/>\n<meta property=\"og:description\" content=\"Atac PM es compromet a fer que el vostre lloc web sigui accessible per a totes les persones, independentment de les seves capacitats o discapacitats. Ens\" \/>\n<meta property=\"og:url\" content=\"https:\/\/atac-pm.com\/es\/declaracion-de-accesibilidad\/\" \/>\n<meta property=\"og:site_name\" content=\"Atac PM\" \/>\n<meta property=\"article:modified_time\" content=\"2023-10-06T13:20:23+00:00\" \/>\n<meta name=\"twitter:card\" content=\"summary_large_image\" \/>\n<meta name=\"twitter:label1\" content=\"Tiempo de lectura\" \/>\n\t<meta name=\"twitter:data1\" content=\"2 minutos\" \/>\n<script type=\"application\/ld+json\" class=\"yoast-schema-graph\">{\"@context\":\"https:\\\/\\\/schema.org\",\"@graph\":[{\"@type\":\"WebPage\",\"@id\":\"https:\\\/\\\/atac-pm.com\\\/declaracion-de-accesibilidad\\\/\",\"url\":\"https:\\\/\\\/atac-pm.com\\\/declaracion-de-accesibilidad\\\/\",\"name\":\"Declaraci\u00f3 d'accessibilitat - Atac PM\",\"isPartOf\":{\"@id\":\"https:\\\/\\\/atac-pm.com\\\/#website\"},\"datePublished\":\"2021-09-22T14:10:40+00:00\",\"dateModified\":\"2023-10-06T13:20:23+00:00\",\"description\":\"Atac PM es compromet a fer que el vostre lloc web sigui accessible per a totes les persones, independentment de les seves capacitats o discapacitats. Ens\",\"breadcrumb\":{\"@id\":\"https:\\\/\\\/atac-pm.com\\\/declaracion-de-accesibilidad\\\/#breadcrumb\"},\"inLanguage\":\"es\",\"potentialAction\":[{\"@type\":\"ReadAction\",\"target\":[\"https:\\\/\\\/atac-pm.com\\\/declaracion-de-accesibilidad\\\/\"]}]},{\"@type\":\"BreadcrumbList\",\"@id\":\"https:\\\/\\\/atac-pm.com\\\/declaracion-de-accesibilidad\\\/#breadcrumb\",\"itemListElement\":[{\"@type\":\"ListItem\",\"position\":1,\"name\":\"Portada\",\"item\":\"https:\\\/\\\/atac-pm.com\\\/\"},{\"@type\":\"ListItem\",\"position\":2,\"name\":\"Declaraci\u00f3 d&#8217;accessibilitat\"}]},{\"@type\":\"WebSite\",\"@id\":\"https:\\\/\\\/atac-pm.com\\\/#website\",\"url\":\"https:\\\/\\\/atac-pm.com\\\/\",\"name\":\"Atac PM\",\"description\":\"Solucions intel\u00b7ligents per a processos  de construcci\u00f3\",\"potentialAction\":[{\"@type\":\"SearchAction\",\"target\":{\"@type\":\"EntryPoint\",\"urlTemplate\":\"https:\\\/\\\/atac-pm.com\\\/?s={search_term_string}\"},\"query-input\":{\"@type\":\"PropertyValueSpecification\",\"valueRequired\":true,\"valueName\":\"search_term_string\"}}],\"inLanguage\":\"es\"}]}<\/script>\n<!-- \/ Yoast SEO plugin. -->","yoast_head_json":{"title":"Declaraci\u00f3 d'accessibilitat - Atac PM","description":"Atac PM es compromet a fer que el vostre lloc web sigui accessible per a totes les persones, independentment de les seves capacitats o discapacitats. Ens","robots":{"index":"index","follow":"follow","max-snippet":"max-snippet:-1","max-image-preview":"max-image-preview:large","max-video-preview":"max-video-preview:-1"},"canonical":"https:\/\/atac-pm.com\/es\/declaracion-de-accesibilidad\/","og_locale":"es_ES","og_type":"article","og_title":"Declaraci\u00f3 d'accessibilitat - Atac PM","og_description":"Atac PM es compromet a fer que el vostre lloc web sigui accessible per a totes les persones, independentment de les seves capacitats o discapacitats. Ens","og_url":"https:\/\/atac-pm.com\/es\/declaracion-de-accesibilidad\/","og_site_name":"Atac PM","article_modified_time":"2023-10-06T13:20:23+00:00","twitter_card":"summary_large_image","twitter_misc":{"Tiempo de lectura":"2 minutos"},"schema":{"@context":"https:\/\/schema.org","@graph":[{"@type":"WebPage","@id":"https:\/\/atac-pm.com\/declaracion-de-accesibilidad\/","url":"https:\/\/atac-pm.com\/declaracion-de-accesibilidad\/","name":"Declaraci\u00f3 d'accessibilitat - Atac PM","isPartOf":{"@id":"https:\/\/atac-pm.com\/#website"},"datePublished":"2021-09-22T14:10:40+00:00","dateModified":"2023-10-06T13:20:23+00:00","description":"Atac PM es compromet a fer que el vostre lloc web sigui accessible per a totes les persones, independentment de les seves capacitats o discapacitats. Ens","breadcrumb":{"@id":"https:\/\/atac-pm.com\/declaracion-de-accesibilidad\/#breadcrumb"},"inLanguage":"es","potentialAction":[{"@type":"ReadAction","target":["https:\/\/atac-pm.com\/declaracion-de-accesibilidad\/"]}]},{"@type":"BreadcrumbList","@id":"https:\/\/atac-pm.com\/declaracion-de-accesibilidad\/#breadcrumb","itemListElement":[{"@type":"ListItem","position":1,"name":"Portada","item":"https:\/\/atac-pm.com\/"},{"@type":"ListItem","position":2,"name":"Declaraci\u00f3 d&#8217;accessibilitat"}]},{"@type":"WebSite","@id":"https:\/\/atac-pm.com\/#website","url":"https:\/\/atac-pm.com\/","name":"Atac PM","description":"Solucions intel\u00b7ligents per a processos  de construcci\u00f3","potentialAction":[{"@type":"SearchAction","target":{"@type":"EntryPoint","urlTemplate":"https:\/\/atac-pm.com\/?s={search_term_string}"},"query-input":{"@type":"PropertyValueSpecification","valueRequired":true,"valueName":"search_term_string"}}],"inLanguage":"es"}]}},"_links":{"self":[{"href":"https:\/\/atac-pm.com\/es\/wp-json\/wp\/v2\/pages\/3","targetHints":{"allow":["GET"]}}],"collection":[{"href":"https:\/\/atac-pm.com\/es\/wp-json\/wp\/v2\/pages"}],"about":[{"href":"https:\/\/atac-pm.com\/es\/wp-json\/wp\/v2\/types\/page"}],"author":[{"embeddable":true,"href":"https:\/\/atac-pm.com\/es\/wp-json\/wp\/v2\/users\/1"}],"replies":[{"embeddable":true,"href":"https:\/\/atac-pm.com\/es\/wp-json\/wp\/v2\/comments?post=3"}],"version-history":[{"count":4,"href":"https:\/\/atac-pm.com\/es\/wp-json\/wp\/v2\/pages\/3\/revisions"}],"predecessor-version":[{"id":566,"href":"https:\/\/atac-pm.com\/es\/wp-json\/wp\/v2\/pages\/3\/revisions\/566"}],"wp:attachment":[{"href":"https:\/\/atac-pm.com\/es\/wp-json\/wp\/v2\/media?parent=3"}],"curies":[{"name":"wp","href":"https:\/\/api.w.org\/{rel}","templated":true}]}}